{"id":28324,"date":"2023-05-24T13:30:48","date_gmt":"2023-05-24T17:30:48","guid":{"rendered":"https:\/\/coval.ca\/en\/?post_type=product&#038;p=28324"},"modified":"2026-03-19T10:16:33","modified_gmt":"2026-03-19T14:16:33","slug":"stove-2b-standard-morso","status":"publish","type":"product","link":"https:\/\/coval.ca\/en\/product\/stove-2b-standard-morso\/","title":{"rendered":"Stove 2B Standard &#8211; Mors\u00f8"},"content":{"rendered":"<p>Based on the Mors\u00f8 forestry stove of the 1930s, the 2B is the very image of the company. Like all current Mors\u00f8 stoves, the 2B Standard, revisited in 2020, is equipped with the latest combustion technology to significantly reduce emissions. A glass door has also been added for a comfortable and uninterrupted view of the fire. A true classic reinvented!<\/p>\n","protected":false},"excerpt":{"rendered":"<p>Based on the Mors\u00f8 forestry stove of the 1930s, the 2B is the very image of the company. Like all&#8230;<\/p>\n","protected":false},"featured_media":28325,"template":"","meta":{"_acf_changed":false,"_monsterinsights_skip_tracking":false,"_monsterinsights_sitenote_active":false,"_monsterinsights_sitenote_note":"","_monsterinsights_sitenote_category":0,"_links_to":"","_links_to_target":""},"product_brand":[],"product_cat":[633,654],"product_tag":[],"class_list":{"0":"post-28324","1":"product","2":"type-product","3":"status-publish","4":"has-post-thumbnail","6":"product_cat-stoves-fireplaces","7":"product_cat-mors","9":"first","10":"outofstock","11":"taxable","12":"shipping-taxable","13":"purchasable","14":"product-type-simple"},"acf":[],"yoast_head":"<!-- This site is optimized with the Yoast SEO plugin v26.7 - https:\/\/yoast.com\/wordpress\/plugins\/seo\/ -->\n<title>Stove 2B Standard - Mors\u00f8 - Coval English<\/title>\n<meta name=\"description\" content=\"Like all current Mors\u00f8 stoves, the 2B Standard is equipped with the latest combustion technology to significantly reduce emissions.\" \/>\n<meta name=\"robots\" content=\"index, follow, max-snippet:-1, max-image-preview:large, max-video-preview:-1\" \/>\n<link rel=\"canonical\" href=\"https:\/\/coval.ca\/en\/product\/stove-2b-standard-morso\/\" \/>\n<meta property=\"og:locale\" content=\"en_US\" \/>\n<meta property=\"og:type\" content=\"article\" \/>\n<meta property=\"og:title\" content=\"Stove 2B Standard - Mors\u00f8 - Coval English\" \/>\n<meta property=\"og:description\" content=\"Like all current Mors\u00f8 stoves, the 2B Standard is equipped with the latest combustion technology to significantly reduce emissions.\" \/>\n<meta property=\"og:url\" content=\"https:\/\/coval.ca\/en\/product\/stove-2b-standard-morso\/\" \/>\n<meta property=\"og:site_name\" content=\"Coval English\" \/>\n<meta property=\"article:modified_time\" content=\"2026-03-19T14:16:33+00:00\" \/>\n<meta property=\"og:image\" content=\"https:\/\/coval.ca\/en\/wp-content\/uploads\/sites\/3\/2023\/05\/1-1.jpg\" \/>\n\t<meta property=\"og:image:width\" content=\"1500\" \/>\n\t<meta property=\"og:image:height\" content=\"1500\" \/>\n\t<meta property=\"og:image:type\" content=\"image\/jpeg\" \/>\n<meta name=\"twitter:card\" content=\"summary_large_image\" \/>\n<meta name=\"twitter:label1\" content=\"Est. reading time\" \/>\n\t<meta name=\"twitter:data1\" content=\"1 minute\" \/>\n<script type=\"application\/ld+json\" class=\"yoast-schema-graph\">{\"@context\":\"https:\/\/schema.org\",\"@graph\":[{\"@type\":\"WebPage\",\"@id\":\"https:\/\/coval.ca\/en\/product\/stove-2b-standard-morso\/\",\"url\":\"https:\/\/coval.ca\/en\/product\/stove-2b-standard-morso\/\",\"name\":\"Stove 2B Standard - Mors\u00f8 - Coval English\",\"isPartOf\":{\"@id\":\"https:\/\/coval.ca\/en\/#website\"},\"primaryImageOfPage\":{\"@id\":\"https:\/\/coval.ca\/en\/product\/stove-2b-standard-morso\/#primaryimage\"},\"image\":{\"@id\":\"https:\/\/coval.ca\/en\/product\/stove-2b-standard-morso\/#primaryimage\"},\"thumbnailUrl\":\"https:\/\/coval.ca\/en\/wp-content\/uploads\/sites\/3\/2023\/05\/1-1.jpg\",\"datePublished\":\"2023-05-24T17:30:48+00:00\",\"dateModified\":\"2026-03-19T14:16:33+00:00\",\"description\":\"Like all current Mors\u00f8 stoves, the 2B Standard is equipped with the latest combustion technology to significantly reduce emissions.\",\"breadcrumb\":{\"@id\":\"https:\/\/coval.ca\/en\/product\/stove-2b-standard-morso\/#breadcrumb\"},\"inLanguage\":\"en-US\",\"potentialAction\":[{\"@type\":\"ReadAction\",\"target\":[\"https:\/\/coval.ca\/en\/product\/stove-2b-standard-morso\/\"]}]},{\"@type\":\"ImageObject\",\"inLanguage\":\"en-US\",\"@id\":\"https:\/\/coval.ca\/en\/product\/stove-2b-standard-morso\/#primaryimage\",\"url\":\"https:\/\/coval.ca\/en\/wp-content\/uploads\/sites\/3\/2023\/05\/1-1.jpg\",\"contentUrl\":\"https:\/\/coval.ca\/en\/wp-content\/uploads\/sites\/3\/2023\/05\/1-1.jpg\",\"width\":1500,\"height\":1500},{\"@type\":\"BreadcrumbList\",\"@id\":\"https:\/\/coval.ca\/en\/product\/stove-2b-standard-morso\/#breadcrumb\",\"itemListElement\":[{\"@type\":\"ListItem\",\"position\":1,\"name\":\"Accueil\",\"item\":\"https:\/\/coval.ca\/en\/\"},{\"@type\":\"ListItem\",\"position\":2,\"name\":\"Shop\",\"item\":\"https:\/\/coval.ca\/en\/shop\/\"},{\"@type\":\"ListItem\",\"position\":3,\"name\":\"Stove 2B Standard &#8211; Mors\u00f8\"}]},{\"@type\":\"WebSite\",\"@id\":\"https:\/\/coval.ca\/en\/#website\",\"url\":\"https:\/\/coval.ca\/en\/\",\"name\":\"Coval English\",\"description\":\"L&#039;expert au service des sp\u00e9cialistes\",\"potentialAction\":[{\"@type\":\"SearchAction\",\"target\":{\"@type\":\"EntryPoint\",\"urlTemplate\":\"https:\/\/coval.ca\/en\/?s={search_term_string}\"},\"query-input\":{\"@type\":\"PropertyValueSpecification\",\"valueRequired\":true,\"valueName\":\"search_term_string\"}}],\"inLanguage\":\"en-US\"}]}<\/script>\n<!-- \/ Yoast SEO plugin. -->","yoast_head_json":{"title":"Stove 2B Standard - Mors\u00f8 - Coval English","description":"Like all current Mors\u00f8 stoves, the 2B Standard is equipped with the latest combustion technology to significantly reduce emissions.","robots":{"index":"index","follow":"follow","max-snippet":"max-snippet:-1","max-image-preview":"max-image-preview:large","max-video-preview":"max-video-preview:-1"},"canonical":"https:\/\/coval.ca\/en\/product\/stove-2b-standard-morso\/","og_locale":"en_US","og_type":"article","og_title":"Stove 2B Standard - Mors\u00f8 - Coval English","og_description":"Like all current Mors\u00f8 stoves, the 2B Standard is equipped with the latest combustion technology to significantly reduce emissions.","og_url":"https:\/\/coval.ca\/en\/product\/stove-2b-standard-morso\/","og_site_name":"Coval English","article_modified_time":"2026-03-19T14:16:33+00:00","og_image":[{"width":1500,"height":1500,"url":"https:\/\/coval.ca\/en\/wp-content\/uploads\/sites\/3\/2023\/05\/1-1.jpg","type":"image\/jpeg"}],"twitter_card":"summary_large_image","twitter_misc":{"Est. reading time":"1 minute"},"schema":{"@context":"https:\/\/schema.org","@graph":[{"@type":"WebPage","@id":"https:\/\/coval.ca\/en\/product\/stove-2b-standard-morso\/","url":"https:\/\/coval.ca\/en\/product\/stove-2b-standard-morso\/","name":"Stove 2B Standard - Mors\u00f8 - Coval English","isPartOf":{"@id":"https:\/\/coval.ca\/en\/#website"},"primaryImageOfPage":{"@id":"https:\/\/coval.ca\/en\/product\/stove-2b-standard-morso\/#primaryimage"},"image":{"@id":"https:\/\/coval.ca\/en\/product\/stove-2b-standard-morso\/#primaryimage"},"thumbnailUrl":"https:\/\/coval.ca\/en\/wp-content\/uploads\/sites\/3\/2023\/05\/1-1.jpg","datePublished":"2023-05-24T17:30:48+00:00","dateModified":"2026-03-19T14:16:33+00:00","description":"Like all current Mors\u00f8 stoves, the 2B Standard is equipped with the latest combustion technology to significantly reduce emissions.","breadcrumb":{"@id":"https:\/\/coval.ca\/en\/product\/stove-2b-standard-morso\/#breadcrumb"},"inLanguage":"en-US","potentialAction":[{"@type":"ReadAction","target":["https:\/\/coval.ca\/en\/product\/stove-2b-standard-morso\/"]}]},{"@type":"ImageObject","inLanguage":"en-US","@id":"https:\/\/coval.ca\/en\/product\/stove-2b-standard-morso\/#primaryimage","url":"https:\/\/coval.ca\/en\/wp-content\/uploads\/sites\/3\/2023\/05\/1-1.jpg","contentUrl":"https:\/\/coval.ca\/en\/wp-content\/uploads\/sites\/3\/2023\/05\/1-1.jpg","width":1500,"height":1500},{"@type":"BreadcrumbList","@id":"https:\/\/coval.ca\/en\/product\/stove-2b-standard-morso\/#breadcrumb","itemListElement":[{"@type":"ListItem","position":1,"name":"Accueil","item":"https:\/\/coval.ca\/en\/"},{"@type":"ListItem","position":2,"name":"Shop","item":"https:\/\/coval.ca\/en\/shop\/"},{"@type":"ListItem","position":3,"name":"Stove 2B Standard &#8211; Mors\u00f8"}]},{"@type":"WebSite","@id":"https:\/\/coval.ca\/en\/#website","url":"https:\/\/coval.ca\/en\/","name":"Coval English","description":"L&#039;expert au service des sp\u00e9cialistes","potentialAction":[{"@type":"SearchAction","target":{"@type":"EntryPoint","urlTemplate":"https:\/\/coval.ca\/en\/?s={search_term_string}"},"query-input":{"@type":"PropertyValueSpecification","valueRequired":true,"valueName":"search_term_string"}}],"inLanguage":"en-US"}]}},"_links":{"self":[{"href":"https:\/\/coval.ca\/en\/wp-json\/wp\/v2\/product\/28324","targetHints":{"allow":["GET"]}}],"collection":[{"href":"https:\/\/coval.ca\/en\/wp-json\/wp\/v2\/product"}],"about":[{"href":"https:\/\/coval.ca\/en\/wp-json\/wp\/v2\/types\/product"}],"wp:featuredmedia":[{"embeddable":true,"href":"https:\/\/coval.ca\/en\/wp-json\/wp\/v2\/media\/28325"}],"wp:attachment":[{"href":"https:\/\/coval.ca\/en\/wp-json\/wp\/v2\/media?parent=28324"}],"wp:term":[{"taxonomy":"product_brand","embeddable":true,"href":"https:\/\/coval.ca\/en\/wp-json\/wp\/v2\/product_brand?post=28324"},{"taxonomy":"product_cat","embeddable":true,"href":"https:\/\/coval.ca\/en\/wp-json\/wp\/v2\/product_cat?post=28324"},{"taxonomy":"product_tag","embeddable":true,"href":"https:\/\/coval.ca\/en\/wp-json\/wp\/v2\/product_tag?post=28324"}],"curies":[{"name":"wp","href":"https:\/\/api.w.org\/{rel}","templated":true}]}}