{"id":29451,"date":"2023-08-21T16:14:43","date_gmt":"2023-08-21T20:14:43","guid":{"rendered":"https:\/\/coval.ca\/en\/?post_type=product&#038;p=29451"},"modified":"2026-04-04T06:16:32","modified_gmt":"2026-04-04T10:16:32","slug":"stove-f45-v2-greenville-jotul","status":"publish","type":"product","link":"https:\/\/coval.ca\/en\/product\/stove-f45-v2-greenville-jotul\/","title":{"rendered":"Stove F45 V2 Greenville \u2013 J\u00f8tul"},"content":{"rendered":"<p>The best selling medium size J\u00f8tul F45 V2 Greenville is now EPA 2020 certified! Utilizing J\u00f8tul Turbulator\u2122 non-catalytic technology, the J\u00f8tul F 45 V2 Greenville boasts a low 1.8 gram\/hr emission rate and an efficiency of LHV 76.55% HHV 71%.<\/p>\n","protected":false},"excerpt":{"rendered":"<p>The best selling medium size J\u00f8tul F45 V2 Greenville is now EPA 2020 certified! Utilizing J\u00f8tul Turbulator\u2122 non-catalytic technology, the&#8230;<\/p>\n","protected":false},"featured_media":29452,"template":"","meta":{"_acf_changed":false,"_monsterinsights_skip_tracking":false,"_monsterinsights_sitenote_active":false,"_monsterinsights_sitenote_note":"","_monsterinsights_sitenote_category":0,"_links_to":"","_links_to_target":""},"product_brand":[],"product_cat":[633,649],"product_tag":[],"class_list":{"0":"post-29451","1":"product","2":"type-product","3":"status-publish","4":"has-post-thumbnail","6":"product_cat-stoves-fireplaces","7":"product_cat-jotul","9":"first","10":"instock","11":"taxable","12":"shipping-taxable","13":"purchasable","14":"product-type-simple"},"acf":[],"yoast_head":"<!-- This site is optimized with the Yoast SEO plugin v26.7 - https:\/\/yoast.com\/wordpress\/plugins\/seo\/ -->\n<title>Stove F45 V2 Greenville \u2013 J\u00f8tul - Coval English<\/title>\n<meta name=\"description\" content=\"The F45 Greenville V2 stove is EPA 2020 certified. It uses non-catalytic Turbulator technology and offers a heating capacity of up to 1800p2.\" \/>\n<meta name=\"robots\" content=\"index, follow, max-snippet:-1, max-image-preview:large, max-video-preview:-1\" \/>\n<link rel=\"canonical\" href=\"https:\/\/coval.ca\/en\/product\/stove-f45-v2-greenville-jotul\/\" \/>\n<meta property=\"og:locale\" content=\"en_US\" \/>\n<meta property=\"og:type\" content=\"article\" \/>\n<meta property=\"og:title\" content=\"Stove F45 V2 Greenville \u2013 J\u00f8tul - Coval English\" \/>\n<meta property=\"og:description\" content=\"The F45 Greenville V2 stove is EPA 2020 certified. It uses non-catalytic Turbulator technology and offers a heating capacity of up to 1800p2.\" \/>\n<meta property=\"og:url\" content=\"https:\/\/coval.ca\/en\/product\/stove-f45-v2-greenville-jotul\/\" \/>\n<meta property=\"og:site_name\" content=\"Coval English\" \/>\n<meta property=\"article:modified_time\" content=\"2026-04-04T10:16:32+00:00\" \/>\n<meta property=\"og:image\" content=\"https:\/\/coval.ca\/en\/wp-content\/uploads\/sites\/3\/2023\/08\/F45-Greenville-v2-b1.png\" \/>\n\t<meta property=\"og:image:width\" content=\"1500\" \/>\n\t<meta property=\"og:image:height\" content=\"1500\" \/>\n\t<meta property=\"og:image:type\" content=\"image\/png\" \/>\n<meta name=\"twitter:card\" content=\"summary_large_image\" \/>\n<meta name=\"twitter:label1\" content=\"Est. reading time\" \/>\n\t<meta name=\"twitter:data1\" content=\"1 minute\" \/>\n<script type=\"application\/ld+json\" class=\"yoast-schema-graph\">{\"@context\":\"https:\/\/schema.org\",\"@graph\":[{\"@type\":\"WebPage\",\"@id\":\"https:\/\/coval.ca\/en\/product\/stove-f45-v2-greenville-jotul\/\",\"url\":\"https:\/\/coval.ca\/en\/product\/stove-f45-v2-greenville-jotul\/\",\"name\":\"Stove F45 V2 Greenville \u2013 J\u00f8tul - Coval English\",\"isPartOf\":{\"@id\":\"https:\/\/coval.ca\/en\/#website\"},\"primaryImageOfPage\":{\"@id\":\"https:\/\/coval.ca\/en\/product\/stove-f45-v2-greenville-jotul\/#primaryimage\"},\"image\":{\"@id\":\"https:\/\/coval.ca\/en\/product\/stove-f45-v2-greenville-jotul\/#primaryimage\"},\"thumbnailUrl\":\"https:\/\/coval.ca\/en\/wp-content\/uploads\/sites\/3\/2023\/08\/F45-Greenville-v2-b1.png\",\"datePublished\":\"2023-08-21T20:14:43+00:00\",\"dateModified\":\"2026-04-04T10:16:32+00:00\",\"description\":\"The F45 Greenville V2 stove is EPA 2020 certified. It uses non-catalytic Turbulator technology and offers a heating capacity of up to 1800p2.\",\"breadcrumb\":{\"@id\":\"https:\/\/coval.ca\/en\/product\/stove-f45-v2-greenville-jotul\/#breadcrumb\"},\"inLanguage\":\"en-US\",\"potentialAction\":[{\"@type\":\"ReadAction\",\"target\":[\"https:\/\/coval.ca\/en\/product\/stove-f45-v2-greenville-jotul\/\"]}]},{\"@type\":\"ImageObject\",\"inLanguage\":\"en-US\",\"@id\":\"https:\/\/coval.ca\/en\/product\/stove-f45-v2-greenville-jotul\/#primaryimage\",\"url\":\"https:\/\/coval.ca\/en\/wp-content\/uploads\/sites\/3\/2023\/08\/F45-Greenville-v2-b1.png\",\"contentUrl\":\"https:\/\/coval.ca\/en\/wp-content\/uploads\/sites\/3\/2023\/08\/F45-Greenville-v2-b1.png\",\"width\":1500,\"height\":1500},{\"@type\":\"BreadcrumbList\",\"@id\":\"https:\/\/coval.ca\/en\/product\/stove-f45-v2-greenville-jotul\/#breadcrumb\",\"itemListElement\":[{\"@type\":\"ListItem\",\"position\":1,\"name\":\"Accueil\",\"item\":\"https:\/\/coval.ca\/en\/\"},{\"@type\":\"ListItem\",\"position\":2,\"name\":\"Shop\",\"item\":\"https:\/\/coval.ca\/en\/shop\/\"},{\"@type\":\"ListItem\",\"position\":3,\"name\":\"Stove F45 V2 Greenville \u2013 J\u00f8tul\"}]},{\"@type\":\"WebSite\",\"@id\":\"https:\/\/coval.ca\/en\/#website\",\"url\":\"https:\/\/coval.ca\/en\/\",\"name\":\"Coval English\",\"description\":\"L&#039;expert au service des sp\u00e9cialistes\",\"potentialAction\":[{\"@type\":\"SearchAction\",\"target\":{\"@type\":\"EntryPoint\",\"urlTemplate\":\"https:\/\/coval.ca\/en\/?s={search_term_string}\"},\"query-input\":{\"@type\":\"PropertyValueSpecification\",\"valueRequired\":true,\"valueName\":\"search_term_string\"}}],\"inLanguage\":\"en-US\"}]}<\/script>\n<!-- \/ Yoast SEO plugin. -->","yoast_head_json":{"title":"Stove F45 V2 Greenville \u2013 J\u00f8tul - Coval English","description":"The F45 Greenville V2 stove is EPA 2020 certified. It uses non-catalytic Turbulator technology and offers a heating capacity of up to 1800p2.","robots":{"index":"index","follow":"follow","max-snippet":"max-snippet:-1","max-image-preview":"max-image-preview:large","max-video-preview":"max-video-preview:-1"},"canonical":"https:\/\/coval.ca\/en\/product\/stove-f45-v2-greenville-jotul\/","og_locale":"en_US","og_type":"article","og_title":"Stove F45 V2 Greenville \u2013 J\u00f8tul - Coval English","og_description":"The F45 Greenville V2 stove is EPA 2020 certified. It uses non-catalytic Turbulator technology and offers a heating capacity of up to 1800p2.","og_url":"https:\/\/coval.ca\/en\/product\/stove-f45-v2-greenville-jotul\/","og_site_name":"Coval English","article_modified_time":"2026-04-04T10:16:32+00:00","og_image":[{"width":1500,"height":1500,"url":"https:\/\/coval.ca\/en\/wp-content\/uploads\/sites\/3\/2023\/08\/F45-Greenville-v2-b1.png","type":"image\/png"}],"twitter_card":"summary_large_image","twitter_misc":{"Est. reading time":"1 minute"},"schema":{"@context":"https:\/\/schema.org","@graph":[{"@type":"WebPage","@id":"https:\/\/coval.ca\/en\/product\/stove-f45-v2-greenville-jotul\/","url":"https:\/\/coval.ca\/en\/product\/stove-f45-v2-greenville-jotul\/","name":"Stove F45 V2 Greenville \u2013 J\u00f8tul - Coval English","isPartOf":{"@id":"https:\/\/coval.ca\/en\/#website"},"primaryImageOfPage":{"@id":"https:\/\/coval.ca\/en\/product\/stove-f45-v2-greenville-jotul\/#primaryimage"},"image":{"@id":"https:\/\/coval.ca\/en\/product\/stove-f45-v2-greenville-jotul\/#primaryimage"},"thumbnailUrl":"https:\/\/coval.ca\/en\/wp-content\/uploads\/sites\/3\/2023\/08\/F45-Greenville-v2-b1.png","datePublished":"2023-08-21T20:14:43+00:00","dateModified":"2026-04-04T10:16:32+00:00","description":"The F45 Greenville V2 stove is EPA 2020 certified. It uses non-catalytic Turbulator technology and offers a heating capacity of up to 1800p2.","breadcrumb":{"@id":"https:\/\/coval.ca\/en\/product\/stove-f45-v2-greenville-jotul\/#breadcrumb"},"inLanguage":"en-US","potentialAction":[{"@type":"ReadAction","target":["https:\/\/coval.ca\/en\/product\/stove-f45-v2-greenville-jotul\/"]}]},{"@type":"ImageObject","inLanguage":"en-US","@id":"https:\/\/coval.ca\/en\/product\/stove-f45-v2-greenville-jotul\/#primaryimage","url":"https:\/\/coval.ca\/en\/wp-content\/uploads\/sites\/3\/2023\/08\/F45-Greenville-v2-b1.png","contentUrl":"https:\/\/coval.ca\/en\/wp-content\/uploads\/sites\/3\/2023\/08\/F45-Greenville-v2-b1.png","width":1500,"height":1500},{"@type":"BreadcrumbList","@id":"https:\/\/coval.ca\/en\/product\/stove-f45-v2-greenville-jotul\/#breadcrumb","itemListElement":[{"@type":"ListItem","position":1,"name":"Accueil","item":"https:\/\/coval.ca\/en\/"},{"@type":"ListItem","position":2,"name":"Shop","item":"https:\/\/coval.ca\/en\/shop\/"},{"@type":"ListItem","position":3,"name":"Stove F45 V2 Greenville \u2013 J\u00f8tul"}]},{"@type":"WebSite","@id":"https:\/\/coval.ca\/en\/#website","url":"https:\/\/coval.ca\/en\/","name":"Coval English","description":"L&#039;expert au service des sp\u00e9cialistes","potentialAction":[{"@type":"SearchAction","target":{"@type":"EntryPoint","urlTemplate":"https:\/\/coval.ca\/en\/?s={search_term_string}"},"query-input":{"@type":"PropertyValueSpecification","valueRequired":true,"valueName":"search_term_string"}}],"inLanguage":"en-US"}]}},"_links":{"self":[{"href":"https:\/\/coval.ca\/en\/wp-json\/wp\/v2\/product\/29451","targetHints":{"allow":["GET"]}}],"collection":[{"href":"https:\/\/coval.ca\/en\/wp-json\/wp\/v2\/product"}],"about":[{"href":"https:\/\/coval.ca\/en\/wp-json\/wp\/v2\/types\/product"}],"wp:featuredmedia":[{"embeddable":true,"href":"https:\/\/coval.ca\/en\/wp-json\/wp\/v2\/media\/29452"}],"wp:attachment":[{"href":"https:\/\/coval.ca\/en\/wp-json\/wp\/v2\/media?parent=29451"}],"wp:term":[{"taxonomy":"product_brand","embeddable":true,"href":"https:\/\/coval.ca\/en\/wp-json\/wp\/v2\/product_brand?post=29451"},{"taxonomy":"product_cat","embeddable":true,"href":"https:\/\/coval.ca\/en\/wp-json\/wp\/v2\/product_cat?post=29451"},{"taxonomy":"product_tag","embeddable":true,"href":"https:\/\/coval.ca\/en\/wp-json\/wp\/v2\/product_tag?post=29451"}],"curies":[{"name":"wp","href":"https:\/\/api.w.org\/{rel}","templated":true}]}}