{"id":25280,"date":"2018-12-13T12:20:02","date_gmt":"2018-12-13T12:20:02","guid":{"rendered":"https:\/\/coval.ca\/on\/contact\/"},"modified":"2023-12-07T08:56:04","modified_gmt":"2023-12-07T13:56:04","slug":"contact","status":"publish","type":"page","link":"https:\/\/coval.ca\/on\/contact\/","title":{"rendered":"Contact us"},"content":{"rendered":"<div class=\"wpb-content-wrapper\"><p>[vc_row css=&#8221;.vc_custom_1544704816242{margin-top: 0px !important;margin-bottom: 0px !important;padding-top: 130px !important;padding-bottom: 130px !important;}&#8221;][vc_column][vc_column_text css_animation=&#8221;bottom-to-top&#8221;]<\/p>\n<div class=\"title-h1\" style=\"text-align: center;\"><span class=\"light\" style=\"color: #ffffff;\">CONTACT INFO<\/span><\/div>\n<p>[\/vc_column_text]<div class=\"clearboth\"><\/div><style>#thegem-divider-6a059a54abe45 {margin-top: 100px !important;}<\/style><div id=\"thegem-divider-6a059a54abe45\" class=\"gem-divider  \" style=\"\" ><\/div>[vc_row_inner equal_height=&#8221;yes&#8221; content_placement=&#8221;top&#8221;][vc_column_inner offset=&#8221;vc_col-lg-4 vc_col-md-4&#8243;]<div class=\"lazy-loading\" data-ll-item-delay=\"0\"><div class=\"gem-textbox  lazy-loading-item centered-box\"  data-ll-effect=\"move-up\" ><div class=\"gem-textbox-inner\" style=\"border: 1px solid #4a4a4a;\"><div class=\"gem-textbox-content\" style=\"background-position: center top;padding-top: 80px;padding-bottom: 60px;\"><div class=\"centered-box\"><div class=\"gem-icon gem-icon-pack-material gem-icon-size-medium  gem-icon-shape-circle\"  style=\"border-color: #883235;opacity: 1;\"><div class=\"gem-icon-inner\" style=\"\"><span class=\"gem-icon-half-1\" style=\"color: #883235;\"><span class=\"back-angle\">&#xf3e3;<\/span><\/span><span class=\"gem-icon-half-2\" style=\"color: #883235;\"><span class=\"back-angle\">&#xf3e3;<\/span><\/span><\/div><\/div><\/div><div class=\"clearboth\"><\/div><style>#thegem-divider-6a059a54abf90 {margin-top: 70px !important;}<\/style><div id=\"thegem-divider-6a059a54abf90\" class=\"gem-divider  \" style=\"\" ><\/div>[vc_column_text]<\/p>\n<div class=\"title-h5\" style=\"text-align: center;\"><span style=\"color: #e6e6e6;\">OUR ADDRESS<\/span><\/div>\n<p>[\/vc_column_text]<div class=\"clearboth\"><\/div><style>#thegem-divider-6a059a54abfc2 {margin-top: 20px !important;}<\/style><div id=\"thegem-divider-6a059a54abfc2\" class=\"gem-divider  \" style=\"\" ><\/div>[vc_column_text]<\/p>\n<p style=\"text-align: center;\">1605 boul. Lionel-Boulet<br \/>\nVarennes (Qu\u00e9bec) J3X 1P7<\/p>\n<p>[\/vc_column_text]<\/div><\/div><\/div><\/div>[\/vc_column_inner][vc_column_inner offset=&#8221;vc_col-lg-4 vc_col-md-4&#8243;]<div class=\"lazy-loading\" data-ll-item-delay=\"0\"><div class=\"gem-textbox  lazy-loading-item centered-box\"  data-ll-effect=\"move-up\" ><div class=\"gem-textbox-inner\" style=\"border: 1px solid #4a4a4a;\"><div class=\"gem-textbox-content\" style=\"background-position: center top;padding-top: 80px;padding-bottom: 60px;\"><div class=\"centered-box\"><div class=\"gem-icon gem-icon-pack-material gem-icon-size-medium  gem-icon-shape-circle\"  style=\"border-color: #883235;opacity: 1;\"><div class=\"gem-icon-inner\" style=\"\"><span class=\"gem-icon-half-1\" style=\"color: #883235;\"><span class=\"back-angle\">&#xf1f0;<\/span><\/span><span class=\"gem-icon-half-2\" style=\"color: #883235;\"><span class=\"back-angle\">&#xf1f0;<\/span><\/span><\/div><\/div><\/div><div class=\"clearboth\"><\/div><style>#thegem-divider-6a059a54ac093 {margin-top: 70px !important;}<\/style><div id=\"thegem-divider-6a059a54ac093\" class=\"gem-divider  \" style=\"\" ><\/div>[vc_column_text]<\/p>\n<div class=\"title-h5\" style=\"text-align: center;\"><span style=\"color: #e6e6e6;\">CALL US<\/span><\/div>\n<p>[\/vc_column_text]<div class=\"clearboth\"><\/div><style>#thegem-divider-6a059a54ac0bf {margin-top: 20px !important;}<\/style><div id=\"thegem-divider-6a059a54ac0bf\" class=\"gem-divider  \" style=\"\" ><\/div>[vc_column_text]<\/p>\n<p style=\"text-align: center;\">Tel.: <a href=\"tel:+14509293556\">450 929-3556<\/a><br \/>\nFax: 450 929-1628<\/p>\n<p>[\/vc_column_text]<\/div><\/div><\/div><\/div>[\/vc_column_inner][vc_column_inner offset=&#8221;vc_col-lg-4 vc_col-md-4&#8243;]<div class=\"lazy-loading\" data-ll-item-delay=\"0\"><div class=\"gem-textbox  lazy-loading-item centered-box\"  data-ll-effect=\"move-up\" ><div class=\"gem-textbox-inner\" style=\"border: 1px solid #4a4a4a;\"><div class=\"gem-textbox-content\" style=\"background-position: center top;padding-top: 80px;padding-bottom: 60px;\"><div class=\"centered-box\"><div class=\"gem-icon gem-icon-pack-material gem-icon-size-medium  gem-icon-shape-circle\"  style=\"border-color: #883235;opacity: 1;\"><div class=\"gem-icon-inner\" style=\"\"><span class=\"gem-icon-half-1\" style=\"color: #883235;\"><span class=\"back-angle\">&#xf118;<\/span><\/span><span class=\"gem-icon-half-2\" style=\"color: #883235;\"><span class=\"back-angle\">&#xf118;<\/span><\/span><\/div><\/div><\/div><div class=\"clearboth\"><\/div><style>#thegem-divider-6a059a54ac174 {margin-top: 70px !important;}<\/style><div id=\"thegem-divider-6a059a54ac174\" class=\"gem-divider  \" style=\"\" ><\/div>[vc_column_text]<\/p>\n<div class=\"title-h5\" style=\"text-align: center;\"><span style=\"color: #e6e6e6;\">OFFICE HOURS<\/span><\/div>\n<p>[\/vc_column_text]<div class=\"clearboth\"><\/div><style>#thegem-divider-6a059a54ac19d {margin-top: 20px !important;}<\/style><div id=\"thegem-divider-6a059a54ac19d\" class=\"gem-divider  \" style=\"\" ><\/div>[vc_column_text]<\/p>\n<p style=\"text-align: center;\">Monday to Friday: 8 AM to 5 PM<br \/>\nSaturday and Sunday: Closed<\/p>\n<p>[\/vc_column_text]<\/div><\/div><\/div><\/div>[\/vc_column_inner][\/vc_row_inner]<div class=\"clearboth\"><\/div><style>#thegem-divider-6a059a54ac1d1 {margin-top: 50px !important;}<\/style><div id=\"thegem-divider-6a059a54ac1d1\" class=\"gem-divider  \" style=\"\" ><\/div><div class=\"centered-box\"><div class=\"gem-icon gem-icon-pack-material gem-icon-size-small  gem-icon-shape-circle\"  style=\"border-color: #a73439;opacity: 1;\"><div class=\"gem-icon-inner\" style=\"\"><span class=\"gem-icon-half-1\" style=\"color: #a73439;\"><span class=\"back-angle\">&#xf1ab;<\/span><\/span><span class=\"gem-icon-half-2\" style=\"color: #a73439;\"><span class=\"back-angle\">&#xf1ab;<\/span><\/span><\/div><\/div><\/div><div class=\"clearboth\"><\/div><style>#thegem-divider-6a059a54ac22e {margin-top: 20px !important;}<\/style><div id=\"thegem-divider-6a059a54ac22e\" class=\"gem-divider  \" style=\"\" ><\/div>[vc_column_text css_animation=&#8221;bottom-to-top&#8221;]<\/p>\n<div class=\"title-h1\" style=\"text-align: center;\"><span class=\"light\" style=\"color: #cccccc;\">WRITE TO US<\/span><\/div>\n<p>[\/vc_column_text]<div class=\"clearboth\"><\/div><style>#thegem-divider-6a059a54ac27d {margin-top: 90px !important;}<\/style><div id=\"thegem-divider-6a059a54ac27d\" class=\"gem-divider  \" style=\"\" ><\/div>\n<div class=\"wpcf7 no-js\" id=\"wpcf7-f18936-o1\" lang=\"en-US\" dir=\"ltr\" data-wpcf7-id=\"18936\">\n<div class=\"screen-reader-response\"><p role=\"status\" aria-live=\"polite\" aria-atomic=\"true\"><\/p> <ul><\/ul><\/div>\n<form action=\"\/on\/wp-json\/wp\/v2\/pages\/25280#wpcf7-f18936-o1\" method=\"post\" class=\"wpcf7-form init gem-contact-form-white\" aria-label=\"Contact form\" novalidate=\"novalidate\" data-status=\"init\">\n<fieldset class=\"hidden-fields-container\"><input type=\"hidden\" name=\"_wpcf7\" value=\"18936\" \/><input type=\"hidden\" name=\"_wpcf7_version\" value=\"6.1.4\" \/><input type=\"hidden\" name=\"_wpcf7_locale\" value=\"en_US\" \/><input type=\"hidden\" name=\"_wpcf7_unit_tag\" value=\"wpcf7-f18936-o1\" \/><input type=\"hidden\" name=\"_wpcf7_container_post\" value=\"0\" \/><input type=\"hidden\" name=\"_wpcf7_posted_data_hash\" value=\"\" \/><input type=\"hidden\" name=\"_wpcf7_recaptcha_response\" value=\"\" \/>\n<\/fieldset>\n<div class=\"contact-form\">\n\t<div class=\"col-lg-6 col-md-6 col-xs-12\">\n\t\t<div class=\"form-line\"><span class=\"wpcf7-form-control-wrap\" data-name=\"your-name\"><input size=\"40\" maxlength=\"400\" class=\"wpcf7-form-control wpcf7-text wpcf7-validates-as-required\" aria-required=\"true\" aria-invalid=\"false\" placeholder=\"Name*\" value=\"\" type=\"text\" name=\"your-name\" \/><\/span><\/div>\n\t<\/div>\n\t<div class=\"col-lg-6 col-md-6 col-xs-12\">\n\t\t<div class=\"form-line\"><span class=\"wpcf7-form-control-wrap\" data-name=\"your-email\"><input size=\"40\" maxlength=\"400\" class=\"wpcf7-form-control wpcf7-email wpcf7-validates-as-required wpcf7-text wpcf7-validates-as-email\" aria-required=\"true\" aria-invalid=\"false\" placeholder=\"Email*\" value=\"\" type=\"email\" name=\"your-email\" \/><\/span><\/div>\n\t<\/div>\n<div class=\"col-lg-12 col-md-12 col-xs-12\">\n\t\t<div class=\"form-line\"><span class=\"wpcf7-form-control-wrap\" data-name=\"subject\"><input size=\"40\" maxlength=\"400\" class=\"wpcf7-form-control wpcf7-text wpcf7-validates-as-required\" aria-required=\"true\" aria-invalid=\"false\" placeholder=\"Subject*\" value=\"\" type=\"text\" name=\"subject\" \/><\/span><\/div>\n\t<\/div>\n\t<div class=\"col-lg-12 col-md-12 col-xs-12\">\n\t\t<div class=\"form-line\"><span class=\"wpcf7-form-control-wrap\" data-name=\"your-message\"><textarea cols=\"30\" rows=\"7\" maxlength=\"2000\" class=\"wpcf7-form-control wpcf7-textarea wpcf7-validates-as-required\" aria-required=\"true\" aria-invalid=\"false\" placeholder=\"Message*\" name=\"your-message\"><\/textarea><\/span><\/div>\n\t<\/div>\n\t<div class=\"col-lg-12 col-md-12 col-xs-12\">\n\t\t<div class=\"form-line\"><style type=\"text\/css\">.thegem-button-6a059a54ac81b5229 .gem-button svg {fill: #797979;}.thegem-button-6a059a54ac81b5229 .gem-button:hover svg {fill: #ffffff;}<\/style><div class=\"gem-button-container gem-button-position-center thegem-button-6a059a54ac81b5229\"  ><input class=\"gem-button gem-button-size-medium gem-button-style-outline gem-button-text-weight-thin gem-button-border-1 wpcf7-form-control wpcf7-submit has-spinner gem-button-wpcf-custom\" data-ll-effect=\"drop-right-without-wrap\" style=\"border-radius: 0px;border-color: #797979;color: #797979;\" onmouseleave=\"this.style.borderColor='#797979';this.style.backgroundColor='transparent';this.style.color='#797979';\" onmouseenter=\"this.style.borderColor='#797979';this.style.backgroundColor='#797979';this.style.color='#ffffff';\" id=\"\" tabindex=\"\" type=\"submit\" value=\"Send\" \/><\/div> <\/div>\n\t<\/div>\n<\/div><input type='hidden' class='wpcf7-pum' value='{\"closepopup\":false,\"closedelay\":0,\"openpopup\":false,\"openpopup_id\":0}' \/><div class=\"wpcf7-response-output\" aria-hidden=\"true\"><\/div>\n<\/form>\n<\/div>\n[vc_empty_space][vc_column_text]<strong>CONSENTEMENT<\/strong><\/p>\n<p>Par la pr\u00e9sente, je confirme avoir donn\u00e9 certains de mes renseignements personnels \u00e0 Coval dans le but de les utiliser pour l\u2019accomplissement des objectifs ci-dessus. Je comprends que ces renseignements seront conserv\u00e9s jusqu\u2019\u00e0 l\u2019accomplissement de ces finalit\u00e9s et seront ensuite d\u00e9truits lorsqu\u2019ils ne seront plus n\u00e9cessaires.<\/p>\n<p>Je comprends pourquoi ils ont besoin de ces renseignements et comment ils les ont obtenus. Je comprends \u00e9galement qu\u2019ils seront communiqu\u00e9s aux employ\u00e9s et partenaires de Coval, jug\u00e9s n\u00e9cessaires \u00e0 l\u2019accomplissement des buts mentionn\u00e9s, et qu\u2019ils seront conserv\u00e9s dans leurs syst\u00e8mes de mani\u00e8re s\u00e9curitaire jusqu\u2019\u00e0 leur destruction.<\/p>\n<p>J\u2019ai lu les\u00a0<a href=\"https:\/\/coval.ca\/conditions-dutilisation-du-site-web-et-politique-sur-la-protection-des-renseignements-personnels\/\" target=\"_blank\" rel=\"noopener\">politiques de Coval sur les renseignements personnels<\/a>\u00a0et je comprends mes droits relatifs \u00e0 celles-ci.[\/vc_column_text][\/vc_column][\/vc_row][vc_row full_width=&#8221;stretch_row_content_no_spaces&#8221; css=&#8221;.vc_custom_1544705252501{margin-top: 0px !important;margin-bottom: 0px !important;padding-top: 0px !important;padding-bottom: 0px !important;}&#8221;][vc_column css=&#8221;.vc_custom_1544705341948{margin-top: 0px !important;margin-bottom: 0px !important;padding-top: 0px !important;padding-bottom: 0px !important;}&#8221;][vc_raw_html css=&#8221;.vc_custom_1608752118007{margin-top: 0px !important;margin-bottom: 0px !important;padding-top: 0px !important;padding-bottom: 0px !important;}&#8221;]JTNDZGl2JTIwaWQlM0QlMjJtYXAtY2FudmFzJTIyJTIwc3R5bGUlM0QlMjJ3aWR0aCUzQSUyMDEwMCUyNSUzQiUyMGhlaWdodCUzQSUyMDYyNXB4JTNCJTIyJTNFJTNDJTJGZGl2JTNFJTBBJTNDc2NyaXB0JTIwdHlwZSUzRCUyN3RleHQlMkZqYXZhc2NyaXB0JTI3JTIwc3JjJTNEJTI3JTJGJTJGbWFwcy5nb29nbGVhcGlzLmNvbSUyRm1hcHMlMkZhcGklMkZqcyUzRnYlM0QzLmV4cCUyNmtleSUzREFJemFTeUNHaDNpT2RnbmxfRTMtMlVlVUt3VWp5ZkJlLWxhbnBFMCUyNyUzRSUzQyUyRnNjcmlwdCUzRSUwQSUzQ3NjcmlwdCUyMHR5cGUlM0QlMjJ0ZXh0JTJGamF2YXNjcmlwdCUyMiUzRSUyMGZ1bmN0aW9uJTIwaW5pdGlhbGl6ZSUyOCUyOSUyMCU3QiUwQSUwQSUwOXZhciUyMG1hcE9wdGlvbnMlMjAlM0QlMjAlN0IlMEElMDklMDl6b29tJTNBJTIwMTUlMkMlMEElMDklMDljZW50ZXIlM0ElMjAlN0JsYXQlM0ElMjA0NS42Mjc2MzE5NTk4NDIxOCUyQyUyMGxuZyUzQSUyMC03My4zODM2MjI1OTI2MTQ3MyU3RCUyQyUwQSUwOSUwOW1hcFR5cGVDb250cm9sT3B0aW9ucyUzQSUyMCU3QiUwQSUwOSUwOSUwOW1hcFR5cGVJZHMlM0ElMjAlNUJnb29nbGUubWFwcy5NYXBUeXBlSWQuUk9BRE1BUCUyQyUyMCUyN21hcF9zdHlsZSUyNyU1RCU3RCUyQyUwQSUwOSUwOWRpc2FibGVEZWZhdWx0VUklM0ElMjB0cnVlJTJDJTBBJTA5JTA5ZGlzYWJsZURvdWJsZUNsaWNrWm9vbSUzQSUyMHRydWUlMkMlMEElMDklMDlzY3JvbGx3aGVlbCUzQSUyMGZhbHNlJTJDJTIwJTJGJTJGJTIwY2hhbmdlJTBBJTA5JTA5ZHJhZ2dhYmxlJTNBJTIwdHJ1ZSUyMCUyRiUyRiUyMGNoYW5nZSUwQSUwOSU3RCUzQiUwQSUwQSUwQSUwOXZhciUyMHN0eWxlcyUyMCUzRCUyMCU1QiU3QiUwQSUwOSUwOSUyMmZlYXR1cmVUeXBlJTIyJTNBJTIwJTIyYWxsJTIyJTJDJTBBJTA5JTA5JTIyZWxlbWVudFR5cGUlMjIlM0ElMjAlMjJsYWJlbHMudGV4dCUyMiUyQyUwQSUwOSUwOSUyMnN0eWxlcnMlMjIlM0ElMjAlNUIlN0IlMjJ2aXNpYmlsaXR5JTIyJTNBJTIwJTIyb24lMjIlN0QlNUQlMEElMDklN0QlMkMlMjAlN0IlMEElMDklMDklMjJmZWF0dXJlVHlwZSUyMiUzQSUyMCUyMmFsbCUyMiUyQyUwQSUwOSUwOSUyMmVsZW1lbnRUeXBlJTIyJTNBJTIwJTIybGFiZWxzLnRleHQuZmlsbCUyMiUyQyUwQSUwOSUwOSUyMnN0eWxlcnMlMjIlM0ElMjAlNUIlN0IlMjJzYXR1cmF0aW9uJTIyJTNBJTIwMzYlN0QlMkMlMjAlN0IlMjJjb2xvciUyMiUzQSUyMCUyMiUyMzI2MjYyNiUyMiU3RCUyQyUyMCU3QiUyMmxpZ2h0bmVzcyUyMiUzQSUyMCUyMjcwJTIyJTdEJTVEJTBBJTA5JTdEJTJDJTIwJTdCJTBBJTA5JTA5JTIyZmVhdHVyZVR5cGUlMjIlM0ElMjAlMjJhbGwlMjIlMkMlMEElMDklMDklMjJlbGVtZW50VHlwZSUyMiUzQSUyMCUyMmxhYmVscy50ZXh0LnN0cm9rZSUyMiUyQyUwQSUwOSUwOSUyMnN0eWxlcnMlMjIlM0ElMjAlNUIlN0IlMjJ2aXNpYmlsaXR5JTIyJTNBJTIwJTIyb2ZmJTIyJTdEJTJDJTIwJTdCJTIyY29sb3IlMjIlM0ElMjAlMjIlMjMyNjI2MjYlMjIlN0QlMkMlMjAlN0IlMjJsaWdodG5lc3MlMjIlM0ElMjAlMjIzMCUyMiU3RCU1RCUwQSUwOSU3RCUyQyUyMCU3QiUwQSUwOSUwOSUyMmZlYXR1cmVUeXBlJTIyJTNBJTIwJTIyYWxsJTIyJTJDJTBBJTA5JTA5JTIyZWxlbWVudFR5cGUlMjIlM0ElMjAlMjJsYWJlbHMuaWNvbiUyMiUyQyUwQSUwOSUwOSUyMnN0eWxlcnMlMjIlM0ElMjAlNUIlN0IlMjJ2aXNpYmlsaXR5JTIyJTNBJTIwJTIyb24lMjIlN0QlMkMlMjAlN0IlMjJnYW1tYSUyMiUzQSUyMCUyMjAlMjIlN0QlMkMlMjAlN0IlMjJsaWdodG5lc3MlMjIlM0ElMjAlMjItNTAlMjIlN0QlMkMlMjAlN0IlMjJzYXR1cmF0aW9uJTIyJTNBJTIwJTIyLTkwJTIyJTdEJTVEJTBBJTA5JTdEJTJDJTIwJTdCJTBBJTA5JTA5JTIyZmVhdHVyZVR5cGUlMjIlM0ElMjAlMjJhZG1pbmlzdHJhdGl2ZSUyMiUyQyUwQSUwOSUwOSUyMmVsZW1lbnRUeXBlJTIyJTNBJTIwJTIyZ2VvbWV0cnkuZmlsbCUyMiUyQyUwQSUwOSUwOSUyMnN0eWxlcnMlMjIlM0ElMjAlNUIlN0IlMjJjb2xvciUyMiUzQSUyMCUyMiUyMzI2MjYyNiUyMiU3RCUyQyUyMCU3QiUyMmxpZ2h0bmVzcyUyMiUzQSUyMDIwJTdEJTVEJTBBJTA5JTdEJTJDJTIwJTdCJTBBJTA5JTA5JTIyZmVhdHVyZVR5cGUlMjIlM0ElMjAlMjJhZG1pbmlzdHJhdGl2ZSUyMiUyQyUwQSUwOSUwOSUyMmVsZW1lbnRUeXBlJTIyJTNBJTIwJTIyZ2VvbWV0cnkuc3Ryb2tlJTIyJTJDJTBBJTA5JTA5JTIyc3R5bGVycyUyMiUzQSUyMCU1QiU3QiUyMmNvbG9yJTIyJTNBJTIwJTIyJTIzMjYyNjI2JTIyJTdEJTJDJTIwJTdCJTIybGlnaHRuZXNzJTIyJTNBJTIwMTclN0QlMkMlMjAlN0IlMjJ3ZWlnaHQlMjIlM0ElMjAxLjIlN0QlNUQlMEElMDklN0QlMkMlMjAlN0IlMEElMDklMDklMjJmZWF0dXJlVHlwZSUyMiUzQSUyMCUyMmxhbmRzY2FwZSUyMiUyQyUwQSUwOSUwOSUyMmVsZW1lbnRUeXBlJTIyJTNBJTIwJTIyZ2VvbWV0cnklMjIlMkMlMEElMDklMDklMjJzdHlsZXJzJTIyJTNBJTIwJTVCJTdCJTIyY29sb3IlMjIlM0ElMjAlMjIlMjMyNjI2MjYlMjIlN0QlMkMlMjAlN0IlMjJsaWdodG5lc3MlMjIlM0ElMjAlMjIxMCUyMiU3RCU1RCUwQSUwOSU3RCUyQyUyMCU3QiUwQSUwOSUwOSUyMmZlYXR1cmVUeXBlJTIyJTNBJTIwJTIycG9pJTIyJTJDJTBBJTA5JTA5JTIyZWxlbWVudFR5cGUlMjIlM0ElMjAlMjJnZW9tZXRyeSUyMiUyQyUwQSUwOSUwOSUyMnN0eWxlcnMlMjIlM0ElMjAlNUIlN0IlMjJjb2xvciUyMiUzQSUyMCUyMiUyMzI2MjYyNiUyMiU3RCUyQyUyMCU3QiUyMmxpZ2h0bmVzcyUyMiUzQSUyMDIxJTdEJTJDJTIwJTdCJTIydmlzaWJpbGl0eSUyMiUzQSUyMCUyMm9mZiUyMiU3RCU1RCUwQSUwOSU3RCUyQyUyMCU3QiUwQSUwOSUwOSUyMmZlYXR1cmVUeXBlJTIyJTNBJTIwJTIycm9hZC5oaWdod2F5JTIyJTJDJTBBJTA5JTA5JTIyZWxlbWVudFR5cGUlMjIlM0ElMjAlMjJnZW9tZXRyeS5maWxsJTIyJTJDJTBBJTA5JTA5JTIyc3R5bGVycyUyMiUzQSUyMCU1QiU3QiUyMmNvbG9yJTIyJTNBJTIwJTIyJTIzMjYyNjI2JTIyJTdEJTJDJTIwJTdCJTIybGlnaHRuZXNzJTIyJTNBJTIwJTIyNDAlMjIlN0QlNUQlMEElMDklN0QlMkMlMjAlN0IlMEElMDklMDklMjJmZWF0dXJlVHlwZSUyMiUzQSUyMCUyMnJvYWQuaGlnaHdheSUyMiUyQyUwQSUwOSUwOSUyMmVsZW1lbnRUeXBlJTIyJTNBJTIwJTIyZ2VvbWV0cnkuc3Ryb2tlJTIyJTJDJTBBJTA5JTA5JTIyc3R5bGVycyUyMiUzQSUyMCU1QiU3QiUyMmNvbG9yJTIyJTNBJTIwJTIyJTIzMjYyNjI2JTIyJTdEJTJDJTIwJTdCJTIybGlnaHRuZXNzJTIyJTNBJTIwJTIyMTYlMjIlN0QlMkMlMjAlN0IlMjJ3ZWlnaHQlMjIlM0ElMjAwLjIlN0QlNUQlMEElMDklN0QlMkMlMjAlN0IlMEElMDklMDklMjJmZWF0dXJlVHlwZSUyMiUzQSUyMCUyMnJvYWQuYXJ0ZXJpYWwlMjIlMkMlMEElMDklMDklMjJlbGVtZW50VHlwZSUyMiUzQSUyMCUyMmdlb21ldHJ5JTIyJTJDJTBBJTA5JTA5JTIyc3R5bGVycyUyMiUzQSUyMCU1QiU3QiUyMmNvbG9yJTIyJTNBJTIwJTIyJTIzMjYyNjI2JTIyJTdEJTJDJTIwJTdCJTIybGlnaHRuZXNzJTIyJTNBJTIwJTIyMjAlMjIlN0QlNUQlMEElMDklN0QlMkMlMjAlN0IlMEElMDklMDklMjJmZWF0dXJlVHlwZSUyMiUzQSUyMCUyMnJvYWQubG9jYWwlMjIlMkMlMEElMDklMDklMjJlbGVtZW50VHlwZSUyMiUzQSUyMCUyMmdlb21ldHJ5JTIyJTJDJTBBJTA5JTA5JTIyc3R5bGVycyUyMiUzQSUyMCU1QiU3QiUyMmNvbG9yJTIyJTNBJTIwJTIyJTIzMjYyNjI2JTIyJTdEJTJDJTIwJTdCJTIybGlnaHRuZXNzJTIyJTNBJTIwMTYlN0QlNUQlMEElMDklN0QlMkMlMjAlN0IlMEElMDklMDklMjJmZWF0dXJlVHlwZSUyMiUzQSUyMCUyMnRyYW5zaXQlMjIlMkMlMEElMDklMDklMjJlbGVtZW50VHlwZSUyMiUzQSUyMCUyMmdlb21ldHJ5JTIyJTJDJTBBJTA5JTA5JTIyc3R5bGVycyUyMiUzQSUyMCU1QiU3QiUyMmNvbG9yJTIyJTNBJTIwJTIyJTIzMjYyNjI2JTIyJTdEJTJDJTIwJTdCJTIybGlnaHRuZXNzJTIyJTNBJTIwMTklN0QlNUQlMEElMDklN0QlMkMlMjAlN0IlMjJmZWF0dXJlVHlwZSUyMiUzQSUyMCUyMndhdGVyJTIyJTJDJTIwJTIyZWxlbWVudFR5cGUlMjIlM0ElMjAlMjJnZW9tZXRyeSUyMiUyQyUyMCUyMnN0eWxlcnMlMjIlM0ElMjAlNUIlN0IlMjJjb2xvciUyMiUzQSUyMCUyMiUyM2NjY2NjYyUyMiU3RCUyQyUyMCU3QiUyMmxpZ2h0bmVzcyUyMiUzQSUyMDEwJTdEJTVEJTdEJTVEJTNCJTBBJTBBJTA5dmFyJTIwc3R5bGVkTWFwJTIwJTNEJTIwbmV3JTIwZ29vZ2xlLm1hcHMuU3R5bGVkTWFwVHlwZSUyOHN0eWxlcyUyQyUwQSUwOSUwOSU3Qm5hbWUlM0ElMjAlMjJTdHlsZWQlMjBNYXAlMjIlN0QlMjklM0IlMEElMEElMDl2YXIlMjBtYXAlMjAlM0QlMjBuZXclMjBnb29nbGUubWFwcy5NYXAlMjhkb2N1bWVudC5nZXRFbGVtZW50QnlJZCUyOCUyN21hcC1jYW52YXMlMjclMjklMkMlMEElMDklMDltYXBPcHRpb25zJTI5JTNCJTBBJTBBJTA5bWFwLm1hcFR5cGVzLnNldCUyOCUyN21hcF9zdHlsZSUyNyUyQyUyMHN0eWxlZE1hcCUyOSUzQiUwQSUwOW1hcC5zZXRNYXBUeXBlSWQlMjglMjdtYXBfc3R5bGUlMjclMjklM0IlMEElMDklMEElMDljb25zdCUyMGltYWdlJTIwJTNEJTIwJTIyaHR0cHMlM0ElMkYlMkZjb3ZhbC5jYSUyRndwLWNvbnRlbnQlMkZ1cGxvYWRzJTJGMjAyMCUyRjEyJTJGcGluLXBvaW50LWNvdmFsXzA0LnBuZyUyMiUzQiUwQSUyMCUyMCUyMCUyMGNvbnN0JTIwYmVhY2hNYXJrZXIlMjAlM0QlMjBuZXclMjBnb29nbGUubWFwcy5NYXJrZXIlMjglN0IlMEElMDklMDlwb3NpdGlvbiUzQSUyMCU3QiUyMGxhdCUzQSUyMDQ1LjYyNzYzMTk1OTg0MjE4JTJDJTIwbG5nJTNBJTIwLTczLjM4MzYyMjU5MjYxNDczJTIwJTdEJTJDJTBBJTA5JTA5bWFwJTJDJTBBJTA5JTA5aWNvbiUzQSUyMGltYWdlJTJDJTBBJTIwJTIwJTIwJTIwJTdEJTI5JTNCJTBBJTdEJTBBJTBBZ29vZ2xlLm1hcHMuZXZlbnQuYWRkRG9tTGlzdGVuZXIlMjh3aW5kb3clMkMlMjAlMjdsb2FkJTI3JTJDJTIwaW5pdGlhbGl6ZSUyOSUzQiUyMCUzQyUyRnNjcmlwdCUzRQ==[\/vc_raw_html][\/vc_column][\/vc_row]<\/p>\n<\/div>","protected":false},"excerpt":{"rendered":"<p>[vc_row css=&#8221;.vc_custom_1544704816242{margin-top: 0px !important;margin-bottom: 0px !important;padding-top: 130px !important;padding-bottom: 130px !important;}&#8221;][vc_column][vc_column_text css_animation=&#8221;bottom-to-top&#8221;] CONTACT INFO [\/vc_column_text][vc_row_inner equal_height=&#8221;yes&#8221; content_placement=&#8221;top&#8221;][vc_column_inner offset=&#8221;vc_col-lg-4 vc_col-md-4&#8243;][\/vc_column_inner][vc_column_inner offset=&#8221;vc_col-lg-4 vc_col-md-4&#8243;][\/vc_column_inner][vc_column_inner&#8230;<\/p>\n","protected":false},"author":1,"featured_media":0,"parent":0,"menu_order":0,"comment_status":"closed","ping_status":"closed","template":"","meta":{"_acf_changed":false,"_monsterinsights_skip_tracking":false,"_monsterinsights_sitenote_active":false,"_monsterinsights_sitenote_note":"","_monsterinsights_sitenote_category":0,"footnotes":"","_links_to":"","_links_to_target":""},"class_list":["post-25280","page","type-page","status-publish"],"acf":[],"yoast_head":"<!-- This site is optimized with the Yoast SEO plugin v26.7 - https:\/\/yoast.com\/wordpress\/plugins\/seo\/ -->\n<title>Contact us - Coval ON<\/title>\n<meta name=\"robots\" content=\"index, follow, max-snippet:-1, max-image-preview:large, max-video-preview:-1\" \/>\n<link rel=\"canonical\" href=\"https:\/\/coval.ca\/on\/contact\/\" \/>\n<meta property=\"og:locale\" content=\"en_US\" \/>\n<meta property=\"og:type\" content=\"article\" \/>\n<meta property=\"og:title\" content=\"Contact us - Coval ON\" \/>\n<meta property=\"og:description\" content=\"[vc_row css=&#8221;.vc_custom_1544704816242{margin-top: 0px !important;margin-bottom: 0px !important;padding-top: 130px !important;padding-bottom: 130px !important;}&#8221;][vc_column][vc_column_text css_animation=&#8221;bottom-to-top&#8221;] CONTACT INFO [\/vc_column_text][vc_row_inner equal_height=&#8221;yes&#8221; content_placement=&#8221;top&#8221;][vc_column_inner offset=&#8221;vc_col-lg-4 vc_col-md-4&#8243;][\/vc_column_inner][vc_column_inner offset=&#8221;vc_col-lg-4 vc_col-md-4&#8243;][\/vc_column_inner][vc_column_inner...\" \/>\n<meta property=\"og:url\" content=\"https:\/\/coval.ca\/on\/contact\/\" \/>\n<meta property=\"og:site_name\" content=\"Coval ON\" \/>\n<meta property=\"article:modified_time\" content=\"2023-12-07T13:56:04+00:00\" \/>\n<meta name=\"twitter:card\" content=\"summary_large_image\" \/>\n<meta name=\"twitter:label1\" content=\"Est. reading time\" \/>\n\t<meta name=\"twitter:data1\" content=\"2 minutes\" \/>\n<script type=\"application\/ld+json\" class=\"yoast-schema-graph\">{\"@context\":\"https:\/\/schema.org\",\"@graph\":[{\"@type\":\"WebPage\",\"@id\":\"https:\/\/coval.ca\/on\/contact\/\",\"url\":\"https:\/\/coval.ca\/on\/contact\/\",\"name\":\"Contact us - Coval ON\",\"isPartOf\":{\"@id\":\"https:\/\/coval.ca\/on\/#website\"},\"datePublished\":\"2018-12-13T12:20:02+00:00\",\"dateModified\":\"2023-12-07T13:56:04+00:00\",\"breadcrumb\":{\"@id\":\"https:\/\/coval.ca\/on\/contact\/#breadcrumb\"},\"inLanguage\":\"en-US\",\"potentialAction\":[{\"@type\":\"ReadAction\",\"target\":[\"https:\/\/coval.ca\/on\/contact\/\"]}]},{\"@type\":\"BreadcrumbList\",\"@id\":\"https:\/\/coval.ca\/on\/contact\/#breadcrumb\",\"itemListElement\":[{\"@type\":\"ListItem\",\"position\":1,\"name\":\"Accueil\",\"item\":\"https:\/\/coval.ca\/on\/\"},{\"@type\":\"ListItem\",\"position\":2,\"name\":\"Contact us\"}]},{\"@type\":\"WebSite\",\"@id\":\"https:\/\/coval.ca\/on\/#website\",\"url\":\"https:\/\/coval.ca\/on\/\",\"name\":\"Coval ON\",\"description\":\"L&#039;expert au service des sp\u00e9cialistes\",\"potentialAction\":[{\"@type\":\"SearchAction\",\"target\":{\"@type\":\"EntryPoint\",\"urlTemplate\":\"https:\/\/coval.ca\/on\/?s={search_term_string}\"},\"query-input\":{\"@type\":\"PropertyValueSpecification\",\"valueRequired\":true,\"valueName\":\"search_term_string\"}}],\"inLanguage\":\"en-US\"}]}<\/script>\n<!-- \/ Yoast SEO plugin. -->","yoast_head_json":{"title":"Contact us - Coval ON","robots":{"index":"index","follow":"follow","max-snippet":"max-snippet:-1","max-image-preview":"max-image-preview:large","max-video-preview":"max-video-preview:-1"},"canonical":"https:\/\/coval.ca\/on\/contact\/","og_locale":"en_US","og_type":"article","og_title":"Contact us - Coval ON","og_description":"[vc_row css=&#8221;.vc_custom_1544704816242{margin-top: 0px !important;margin-bottom: 0px !important;padding-top: 130px !important;padding-bottom: 130px !important;}&#8221;][vc_column][vc_column_text css_animation=&#8221;bottom-to-top&#8221;] CONTACT INFO [\/vc_column_text][vc_row_inner equal_height=&#8221;yes&#8221; content_placement=&#8221;top&#8221;][vc_column_inner offset=&#8221;vc_col-lg-4 vc_col-md-4&#8243;][\/vc_column_inner][vc_column_inner offset=&#8221;vc_col-lg-4 vc_col-md-4&#8243;][\/vc_column_inner][vc_column_inner...","og_url":"https:\/\/coval.ca\/on\/contact\/","og_site_name":"Coval ON","article_modified_time":"2023-12-07T13:56:04+00:00","twitter_card":"summary_large_image","twitter_misc":{"Est. reading time":"2 minutes"},"schema":{"@context":"https:\/\/schema.org","@graph":[{"@type":"WebPage","@id":"https:\/\/coval.ca\/on\/contact\/","url":"https:\/\/coval.ca\/on\/contact\/","name":"Contact us - Coval ON","isPartOf":{"@id":"https:\/\/coval.ca\/on\/#website"},"datePublished":"2018-12-13T12:20:02+00:00","dateModified":"2023-12-07T13:56:04+00:00","breadcrumb":{"@id":"https:\/\/coval.ca\/on\/contact\/#breadcrumb"},"inLanguage":"en-US","potentialAction":[{"@type":"ReadAction","target":["https:\/\/coval.ca\/on\/contact\/"]}]},{"@type":"BreadcrumbList","@id":"https:\/\/coval.ca\/on\/contact\/#breadcrumb","itemListElement":[{"@type":"ListItem","position":1,"name":"Accueil","item":"https:\/\/coval.ca\/on\/"},{"@type":"ListItem","position":2,"name":"Contact us"}]},{"@type":"WebSite","@id":"https:\/\/coval.ca\/on\/#website","url":"https:\/\/coval.ca\/on\/","name":"Coval ON","description":"L&#039;expert au service des sp\u00e9cialistes","potentialAction":[{"@type":"SearchAction","target":{"@type":"EntryPoint","urlTemplate":"https:\/\/coval.ca\/on\/?s={search_term_string}"},"query-input":{"@type":"PropertyValueSpecification","valueRequired":true,"valueName":"search_term_string"}}],"inLanguage":"en-US"}]}},"_links":{"self":[{"href":"https:\/\/coval.ca\/on\/wp-json\/wp\/v2\/pages\/25280","targetHints":{"allow":["GET"]}}],"collection":[{"href":"https:\/\/coval.ca\/on\/wp-json\/wp\/v2\/pages"}],"about":[{"href":"https:\/\/coval.ca\/on\/wp-json\/wp\/v2\/types\/page"}],"author":[{"embeddable":true,"href":"https:\/\/coval.ca\/on\/wp-json\/wp\/v2\/users\/1"}],"replies":[{"embeddable":true,"href":"https:\/\/coval.ca\/on\/wp-json\/wp\/v2\/comments?post=25280"}],"version-history":[{"count":7,"href":"https:\/\/coval.ca\/on\/wp-json\/wp\/v2\/pages\/25280\/revisions"}],"predecessor-version":[{"id":25282,"href":"https:\/\/coval.ca\/on\/wp-json\/wp\/v2\/pages\/25280\/revisions\/25282"}],"wp:attachment":[{"href":"https:\/\/coval.ca\/on\/wp-json\/wp\/v2\/media?parent=25280"}],"curies":[{"name":"wp","href":"https:\/\/api.w.org\/{rel}","templated":true}]}}