{"id":29448,"date":"2025-10-30T13:02:54","date_gmt":"2025-10-30T17:02:54","guid":{"rendered":"https:\/\/coval.ca\/on\/?post_type=product&#038;p=29448"},"modified":"2025-10-30T13:02:55","modified_gmt":"2025-10-30T17:02:55","slug":"stove-f602-v2-jotul","status":"publish","type":"product","link":"https:\/\/coval.ca\/on\/product\/stove-f602-v2-jotul\/","title":{"rendered":"Stove F602 V2 &#8211; J\u00f8tul"},"content":{"rendered":"<p>Our oldest and best selling wood stove, the J\u00f8tul F 602 V2 is now EPA 2020 certified. Utilizing J\u00f8tul Turbulator\u2122 non-catalytic technology, the J\u00f8tul F 602 V2 boasts a low 2.11 gram\/hr emission rate while achieving the same heat output and burn time that has earned it the nickname \u201cLittle Giant\u201d.<\/p>\n","protected":false},"excerpt":{"rendered":"<p>Our oldest and best selling wood stove, the J\u00f8tul F 602 V2 is now EPA 2020 certified. Utilizing J\u00f8tul Turbulator\u2122&#8230;<\/p>\n","protected":false},"featured_media":29449,"template":"","meta":{"_acf_changed":false,"_monsterinsights_skip_tracking":false,"_monsterinsights_sitenote_active":false,"_monsterinsights_sitenote_note":"","_monsterinsights_sitenote_category":0,"_links_to":"","_links_to_target":""},"product_brand":[],"product_cat":[649,633],"product_tag":[],"class_list":{"0":"post-29448","1":"product","2":"type-product","3":"status-publish","4":"has-post-thumbnail","6":"product_cat-jotul","7":"product_cat-stoves-fireplaces","9":"first","10":"outofstock","11":"taxable","12":"shipping-taxable","13":"purchasable","14":"product-type-simple"},"acf":[],"yoast_head":"<!-- This site is optimized with the Yoast SEO plugin v26.7 - https:\/\/yoast.com\/wordpress\/plugins\/seo\/ -->\n<title>Stove F602 V2 - J\u00f8tul - Coval ON<\/title>\n<meta name=\"description\" content=\"The F602 V2 stove is now EPA 2020 certified, and promises high thermal efficiency with low emissions. That&#039;s why he is called \u201cLittle Giant\u201d.\" \/>\n<meta name=\"robots\" content=\"index, follow, max-snippet:-1, max-image-preview:large, max-video-preview:-1\" \/>\n<link rel=\"canonical\" href=\"https:\/\/coval.ca\/on\/product\/stove-f602-v2-jotul\/\" \/>\n<meta property=\"og:locale\" content=\"en_US\" \/>\n<meta property=\"og:type\" content=\"article\" \/>\n<meta property=\"og:title\" content=\"Stove F602 V2 - J\u00f8tul - Coval ON\" \/>\n<meta property=\"og:description\" content=\"The F602 V2 stove is now EPA 2020 certified, and promises high thermal efficiency with low emissions. That&#039;s why he is called \u201cLittle Giant\u201d.\" \/>\n<meta property=\"og:url\" content=\"https:\/\/coval.ca\/on\/product\/stove-f602-v2-jotul\/\" \/>\n<meta property=\"og:site_name\" content=\"Coval ON\" \/>\n<meta property=\"article:modified_time\" content=\"2025-10-30T17:02:55+00:00\" \/>\n<meta property=\"og:image\" content=\"https:\/\/coval.ca\/on\/wp-content\/uploads\/sites\/4\/2023\/08\/F602-351675-b1.png\" \/>\n\t<meta property=\"og:image:width\" content=\"1500\" \/>\n\t<meta property=\"og:image:height\" content=\"1500\" \/>\n\t<meta property=\"og:image:type\" content=\"image\/png\" \/>\n<meta name=\"twitter:card\" content=\"summary_large_image\" \/>\n<meta name=\"twitter:label1\" content=\"Est. reading time\" \/>\n\t<meta name=\"twitter:data1\" content=\"1 minute\" \/>\n<script type=\"application\/ld+json\" class=\"yoast-schema-graph\">{\"@context\":\"https:\/\/schema.org\",\"@graph\":[{\"@type\":\"WebPage\",\"@id\":\"https:\/\/coval.ca\/on\/product\/stove-f602-v2-jotul\/\",\"url\":\"https:\/\/coval.ca\/on\/product\/stove-f602-v2-jotul\/\",\"name\":\"Stove F602 V2 - J\u00f8tul - Coval ON\",\"isPartOf\":{\"@id\":\"https:\/\/coval.ca\/on\/#website\"},\"primaryImageOfPage\":{\"@id\":\"https:\/\/coval.ca\/on\/product\/stove-f602-v2-jotul\/#primaryimage\"},\"image\":{\"@id\":\"https:\/\/coval.ca\/on\/product\/stove-f602-v2-jotul\/#primaryimage\"},\"thumbnailUrl\":\"https:\/\/coval.ca\/on\/wp-content\/uploads\/sites\/4\/2023\/08\/F602-351675-b1.png\",\"datePublished\":\"2025-10-30T17:02:54+00:00\",\"dateModified\":\"2025-10-30T17:02:55+00:00\",\"description\":\"The F602 V2 stove is now EPA 2020 certified, and promises high thermal efficiency with low emissions. That's why he is called \u201cLittle Giant\u201d.\",\"breadcrumb\":{\"@id\":\"https:\/\/coval.ca\/on\/product\/stove-f602-v2-jotul\/#breadcrumb\"},\"inLanguage\":\"en-US\",\"potentialAction\":[{\"@type\":\"ReadAction\",\"target\":[\"https:\/\/coval.ca\/on\/product\/stove-f602-v2-jotul\/\"]}]},{\"@type\":\"ImageObject\",\"inLanguage\":\"en-US\",\"@id\":\"https:\/\/coval.ca\/on\/product\/stove-f602-v2-jotul\/#primaryimage\",\"url\":\"https:\/\/coval.ca\/on\/wp-content\/uploads\/sites\/4\/2023\/08\/F602-351675-b1.png\",\"contentUrl\":\"https:\/\/coval.ca\/on\/wp-content\/uploads\/sites\/4\/2023\/08\/F602-351675-b1.png\",\"width\":1500,\"height\":1500},{\"@type\":\"BreadcrumbList\",\"@id\":\"https:\/\/coval.ca\/on\/product\/stove-f602-v2-jotul\/#breadcrumb\",\"itemListElement\":[{\"@type\":\"ListItem\",\"position\":1,\"name\":\"Accueil\",\"item\":\"https:\/\/coval.ca\/on\/\"},{\"@type\":\"ListItem\",\"position\":2,\"name\":\"Shop\",\"item\":\"https:\/\/coval.ca\/on\/?page_id=27562\"},{\"@type\":\"ListItem\",\"position\":3,\"name\":\"Stove F602 V2 &#8211; J\u00f8tul\"}]},{\"@type\":\"WebSite\",\"@id\":\"https:\/\/coval.ca\/on\/#website\",\"url\":\"https:\/\/coval.ca\/on\/\",\"name\":\"Coval ON\",\"description\":\"L&#039;expert au service des sp\u00e9cialistes\",\"potentialAction\":[{\"@type\":\"SearchAction\",\"target\":{\"@type\":\"EntryPoint\",\"urlTemplate\":\"https:\/\/coval.ca\/on\/?s={search_term_string}\"},\"query-input\":{\"@type\":\"PropertyValueSpecification\",\"valueRequired\":true,\"valueName\":\"search_term_string\"}}],\"inLanguage\":\"en-US\"}]}<\/script>\n<!-- \/ Yoast SEO plugin. -->","yoast_head_json":{"title":"Stove F602 V2 - J\u00f8tul - Coval ON","description":"The F602 V2 stove is now EPA 2020 certified, and promises high thermal efficiency with low emissions. That's why he is called \u201cLittle Giant\u201d.","robots":{"index":"index","follow":"follow","max-snippet":"max-snippet:-1","max-image-preview":"max-image-preview:large","max-video-preview":"max-video-preview:-1"},"canonical":"https:\/\/coval.ca\/on\/product\/stove-f602-v2-jotul\/","og_locale":"en_US","og_type":"article","og_title":"Stove F602 V2 - J\u00f8tul - Coval ON","og_description":"The F602 V2 stove is now EPA 2020 certified, and promises high thermal efficiency with low emissions. That's why he is called \u201cLittle Giant\u201d.","og_url":"https:\/\/coval.ca\/on\/product\/stove-f602-v2-jotul\/","og_site_name":"Coval ON","article_modified_time":"2025-10-30T17:02:55+00:00","og_image":[{"width":1500,"height":1500,"url":"https:\/\/coval.ca\/on\/wp-content\/uploads\/sites\/4\/2023\/08\/F602-351675-b1.png","type":"image\/png"}],"twitter_card":"summary_large_image","twitter_misc":{"Est. reading time":"1 minute"},"schema":{"@context":"https:\/\/schema.org","@graph":[{"@type":"WebPage","@id":"https:\/\/coval.ca\/on\/product\/stove-f602-v2-jotul\/","url":"https:\/\/coval.ca\/on\/product\/stove-f602-v2-jotul\/","name":"Stove F602 V2 - J\u00f8tul - Coval ON","isPartOf":{"@id":"https:\/\/coval.ca\/on\/#website"},"primaryImageOfPage":{"@id":"https:\/\/coval.ca\/on\/product\/stove-f602-v2-jotul\/#primaryimage"},"image":{"@id":"https:\/\/coval.ca\/on\/product\/stove-f602-v2-jotul\/#primaryimage"},"thumbnailUrl":"https:\/\/coval.ca\/on\/wp-content\/uploads\/sites\/4\/2023\/08\/F602-351675-b1.png","datePublished":"2025-10-30T17:02:54+00:00","dateModified":"2025-10-30T17:02:55+00:00","description":"The F602 V2 stove is now EPA 2020 certified, and promises high thermal efficiency with low emissions. That's why he is called \u201cLittle Giant\u201d.","breadcrumb":{"@id":"https:\/\/coval.ca\/on\/product\/stove-f602-v2-jotul\/#breadcrumb"},"inLanguage":"en-US","potentialAction":[{"@type":"ReadAction","target":["https:\/\/coval.ca\/on\/product\/stove-f602-v2-jotul\/"]}]},{"@type":"ImageObject","inLanguage":"en-US","@id":"https:\/\/coval.ca\/on\/product\/stove-f602-v2-jotul\/#primaryimage","url":"https:\/\/coval.ca\/on\/wp-content\/uploads\/sites\/4\/2023\/08\/F602-351675-b1.png","contentUrl":"https:\/\/coval.ca\/on\/wp-content\/uploads\/sites\/4\/2023\/08\/F602-351675-b1.png","width":1500,"height":1500},{"@type":"BreadcrumbList","@id":"https:\/\/coval.ca\/on\/product\/stove-f602-v2-jotul\/#breadcrumb","itemListElement":[{"@type":"ListItem","position":1,"name":"Accueil","item":"https:\/\/coval.ca\/on\/"},{"@type":"ListItem","position":2,"name":"Shop","item":"https:\/\/coval.ca\/on\/?page_id=27562"},{"@type":"ListItem","position":3,"name":"Stove F602 V2 &#8211; J\u00f8tul"}]},{"@type":"WebSite","@id":"https:\/\/coval.ca\/on\/#website","url":"https:\/\/coval.ca\/on\/","name":"Coval ON","description":"L&#039;expert au service des sp\u00e9cialistes","potentialAction":[{"@type":"SearchAction","target":{"@type":"EntryPoint","urlTemplate":"https:\/\/coval.ca\/on\/?s={search_term_string}"},"query-input":{"@type":"PropertyValueSpecification","valueRequired":true,"valueName":"search_term_string"}}],"inLanguage":"en-US"}]}},"_links":{"self":[{"href":"https:\/\/coval.ca\/on\/wp-json\/wp\/v2\/product\/29448","targetHints":{"allow":["GET"]}}],"collection":[{"href":"https:\/\/coval.ca\/on\/wp-json\/wp\/v2\/product"}],"about":[{"href":"https:\/\/coval.ca\/on\/wp-json\/wp\/v2\/types\/product"}],"wp:featuredmedia":[{"embeddable":true,"href":"https:\/\/coval.ca\/on\/wp-json\/wp\/v2\/media\/29449"}],"wp:attachment":[{"href":"https:\/\/coval.ca\/on\/wp-json\/wp\/v2\/media?parent=29448"}],"wp:term":[{"taxonomy":"product_brand","embeddable":true,"href":"https:\/\/coval.ca\/on\/wp-json\/wp\/v2\/product_brand?post=29448"},{"taxonomy":"product_cat","embeddable":true,"href":"https:\/\/coval.ca\/on\/wp-json\/wp\/v2\/product_cat?post=29448"},{"taxonomy":"product_tag","embeddable":true,"href":"https:\/\/coval.ca\/on\/wp-json\/wp\/v2\/product_tag?post=29448"}],"curies":[{"name":"wp","href":"https:\/\/api.w.org\/{rel}","templated":true}]}}